{"id":16850,"date":"2021-08-23T15:19:41","date_gmt":"2021-08-23T19:19:41","guid":{"rendered":"https:\/\/www.holyrosarystmichael.com\/?page_id=16850"},"modified":"2025-08-15T19:00:51","modified_gmt":"2025-08-15T23:00:51","slug":"matrimonio","status":"publish","type":"page","link":"https:\/\/www.holyrosarystmichael.com\/?page_id=16850","title":{"rendered":"Matrimonio OLD VERS"},"content":{"rendered":"\t\t<div data-elementor-type=\"wp-page\" data-elementor-id=\"16850\" class=\"elementor elementor-16850\" data-elementor-post-type=\"page\">\n\t\t\t\t\t\t<section class=\"elementor-section elementor-top-section elementor-element elementor-element-756d370 elementor-section-boxed elementor-section-height-default elementor-section-height-default wpr-particle-no wpr-jarallax-no wpr-parallax-no wpr-sticky-section-no wpr-equal-height-no\" data-id=\"756d370\" data-element_type=\"section\">\n\t\t\t\t\t\t<div class=\"elementor-container elementor-column-gap-default\">\n\t\t\t\t\t<div class=\"elementor-column elementor-col-100 elementor-top-column elementor-element elementor-element-06bc6c4\" data-id=\"06bc6c4\" data-element_type=\"column\">\n\t\t\t<div class=\"elementor-widget-wrap elementor-element-populated\">\n\t\t\t\t\t\t<div class=\"elementor-element elementor-element-424ee82 elementor-widget elementor-widget-image\" data-id=\"424ee82\" data-element_type=\"widget\" data-widget_type=\"image.default\">\n\t\t\t\t<div class=\"elementor-widget-container\">\n\t\t\t\t\t\t\t\t\t\t\t\t\t\t\t<img decoding=\"async\" src=\"https:\/\/www.holyrosarystmichael.com\/wp-content\/uploads\/2021\/08\/marriage.png\" title=\"\" alt=\"\" loading=\"lazy\" \/>\t\t\t\t\t\t\t\t\t\t\t\t\t\t\t<\/div>\n\t\t\t\t<\/div>\n\t\t\t\t\t<\/div>\n\t\t<\/div>\n\t\t\t\t\t<\/div>\n\t\t<\/section>\n\t\t\t\t<section class=\"elementor-section elementor-top-section elementor-element elementor-element-44c190e elementor-section-boxed elementor-section-height-default elementor-section-height-default wpr-particle-no wpr-jarallax-no wpr-parallax-no wpr-sticky-section-no wpr-equal-height-no\" data-id=\"44c190e\" data-element_type=\"section\">\n\t\t\t\t\t\t<div class=\"elementor-container elementor-column-gap-default\">\n\t\t\t\t\t<div class=\"elementor-column elementor-col-100 elementor-top-column elementor-element elementor-element-f12a692\" data-id=\"f12a692\" data-element_type=\"column\">\n\t\t\t<div class=\"elementor-widget-wrap elementor-element-populated\">\n\t\t\t\t\t\t<div class=\"elementor-element elementor-element-4d37791 elementor-widget elementor-widget-text-editor\" data-id=\"4d37791\" data-element_type=\"widget\" data-widget_type=\"text-editor.default\">\n\t\t\t\t<div class=\"elementor-widget-container\">\n\t\t\t\t\t\t\t\t\t<p><strong>\u201cEl matrimonio es una combinaci\u00f3n inevitable del gozo y las luchas, las tensiones y el reposo, el dolor y el alivio, las satisfacciones y los anhelos, las molestias y los placeres, pero siempre en el camino de la amistad, que inspira a los esposos a cuidarse unos a otros: se ayudan y sirven mutuamente.&#8221;<\/strong> <em>(Papa Francisco, La alegr\u00eda del amor, 126, 2016)<\/em><\/p><p>El Sacramento del Matrimonio refleja la uni\u00f3n de Jesucristo y su Iglesia. La confianza de por vida y el apoyo mutuo entre un hombre y una mujer instituye naturalmente un pacto que expresa la fe en la palabra de Dios, el amor mutuo y la procreaci\u00f3n.<\/p><p>Dirija sus consultas a la rector\u00eda para obtener recursos informativos en preparaci\u00f3n del matrimonio. Los preparativos deben organizarse al menos un (1) a\u00f1o antes de la ceremonia de matrimonio.<\/p>\t\t\t\t\t\t\t\t<\/div>\n\t\t\t\t<\/div>\n\t\t\t\t\t<\/div>\n\t\t<\/div>\n\t\t\t\t\t<\/div>\n\t\t<\/section>\n\t\t\t\t<section class=\"elementor-section elementor-top-section elementor-element elementor-element-cd22bd0 elementor-section-boxed elementor-section-height-default elementor-section-height-default wpr-particle-no wpr-jarallax-no wpr-parallax-no wpr-sticky-section-no wpr-equal-height-no\" data-id=\"cd22bd0\" data-element_type=\"section\" data-settings=\"{&quot;shape_divider_top&quot;:&quot;split&quot;}\">\n\t\t\t\t\t<div class=\"elementor-shape elementor-shape-top\" aria-hidden=\"true\" data-negative=\"false\">\n\t\t\t<svg xmlns=\"http:\/\/www.w3.org\/2000\/svg\" viewBox=\"0 0 1000 20\" preserveAspectRatio=\"none\">\n\t<path class=\"elementor-shape-fill\" d=\"M0,0v3c0,0,393.8,0,483.4,0c9.2,0,16.6,7.4,16.6,16.6c0-9.1,7.4-16.6,16.6-16.6C606.2,3,1000,3,1000,3V0H0z\"\/>\n<\/svg>\t\t<\/div>\n\t\t\t\t\t<div class=\"elementor-container elementor-column-gap-default\">\n\t\t\t\t\t<div class=\"elementor-column elementor-col-100 elementor-top-column elementor-element elementor-element-d71f9e3\" data-id=\"d71f9e3\" data-element_type=\"column\">\n\t\t\t<div class=\"elementor-widget-wrap\">\n\t\t\t\t\t\t\t<\/div>\n\t\t<\/div>\n\t\t\t\t\t<\/div>\n\t\t<\/section>\n\t\t\t\t<\/div>\n\t\t","protected":false},"excerpt":{"rendered":"<p>\u201cEl matrimonio es una combinaci\u00f3n inevitable del gozo y las luchas, las tensiones y el reposo, el dolor y el alivio, las satisfacciones y los anhelos, las molestias y los placeres, pero siempre en el camino de la amistad, que inspira a los esposos a cuidarse unos a otros: se&#8230;<\/p>\n","protected":false},"author":1,"featured_media":0,"parent":0,"menu_order":0,"comment_status":"closed","ping_status":"closed","template":"","meta":{"footnotes":""},"class_list":["post-16850","page","type-page","status-publish","hentry"],"_links":{"self":[{"href":"https:\/\/www.holyrosarystmichael.com\/index.php?rest_route=\/wp\/v2\/pages\/16850","targetHints":{"allow":["GET"]}}],"collection":[{"href":"https:\/\/www.holyrosarystmichael.com\/index.php?rest_route=\/wp\/v2\/pages"}],"about":[{"href":"https:\/\/www.holyrosarystmichael.com\/index.php?rest_route=\/wp\/v2\/types\/page"}],"author":[{"embeddable":true,"href":"https:\/\/www.holyrosarystmichael.com\/index.php?rest_route=\/wp\/v2\/users\/1"}],"replies":[{"embeddable":true,"href":"https:\/\/www.holyrosarystmichael.com\/index.php?rest_route=%2Fwp%2Fv2%2Fcomments&post=16850"}],"version-history":[{"count":8,"href":"https:\/\/www.holyrosarystmichael.com\/index.php?rest_route=\/wp\/v2\/pages\/16850\/revisions"}],"predecessor-version":[{"id":27674,"href":"https:\/\/www.holyrosarystmichael.com\/index.php?rest_route=\/wp\/v2\/pages\/16850\/revisions\/27674"}],"wp:attachment":[{"href":"https:\/\/www.holyrosarystmichael.com\/index.php?rest_route=%2Fwp%2Fv2%2Fmedia&parent=16850"}],"curies":[{"name":"wp","href":"https:\/\/api.w.org\/{rel}","templated":true}]}}