{"id":16854,"date":"2021-08-23T15:20:09","date_gmt":"2021-08-23T19:20:09","guid":{"rendered":"https:\/\/www.holyrosarystmichael.com\/?page_id=16854"},"modified":"2025-08-15T19:14:05","modified_gmt":"2025-08-15T23:14:05","slug":"uncion-de-los-enfermos","status":"publish","type":"page","link":"https:\/\/www.holyrosarystmichael.com\/?page_id=16854","title":{"rendered":"Unci\u00f3n de los Enfermos OLD"},"content":{"rendered":"\t\t<div data-elementor-type=\"wp-page\" data-elementor-id=\"16854\" class=\"elementor elementor-16854\" data-elementor-post-type=\"page\">\n\t\t\t\t\t\t<section class=\"elementor-section elementor-top-section elementor-element elementor-element-ece4c3d elementor-section-boxed elementor-section-height-default elementor-section-height-default wpr-particle-no wpr-jarallax-no wpr-parallax-no wpr-sticky-section-no wpr-equal-height-no\" data-id=\"ece4c3d\" data-element_type=\"section\">\n\t\t\t\t\t\t<div class=\"elementor-container elementor-column-gap-default\">\n\t\t\t\t\t<div class=\"elementor-column elementor-col-100 elementor-top-column elementor-element elementor-element-1f6e914\" data-id=\"1f6e914\" data-element_type=\"column\">\n\t\t\t<div class=\"elementor-widget-wrap elementor-element-populated\">\n\t\t\t\t\t\t<div class=\"elementor-element elementor-element-3da354e elementor-widget elementor-widget-image\" data-id=\"3da354e\" data-element_type=\"widget\" data-widget_type=\"image.default\">\n\t\t\t\t<div class=\"elementor-widget-container\">\n\t\t\t\t\t\t\t\t\t\t\t\t\t\t\t<img fetchpriority=\"high\" decoding=\"async\" width=\"640\" height=\"334\" src=\"https:\/\/www.holyrosarystmichael.com\/wp-content\/uploads\/2019\/10\/holy-oil.jpg\" class=\"attachment-large size-large wp-image-17263\" alt=\"\" srcset=\"https:\/\/www.holyrosarystmichael.com\/wp-content\/uploads\/2019\/10\/holy-oil.jpg 800w, https:\/\/www.holyrosarystmichael.com\/wp-content\/uploads\/2019\/10\/holy-oil-768x401.jpg 768w, https:\/\/www.holyrosarystmichael.com\/wp-content\/uploads\/2019\/10\/holy-oil-600x314.jpg 600w\" sizes=\"(max-width: 640px) 100vw, 640px\" \/>\t\t\t\t\t\t\t\t\t\t\t\t\t\t\t<\/div>\n\t\t\t\t<\/div>\n\t\t\t\t\t<\/div>\n\t\t<\/div>\n\t\t\t\t\t<\/div>\n\t\t<\/section>\n\t\t\t\t<section class=\"elementor-section elementor-top-section elementor-element elementor-element-440d568 elementor-section-boxed elementor-section-height-default elementor-section-height-default wpr-particle-no wpr-jarallax-no wpr-parallax-no wpr-sticky-section-no wpr-equal-height-no\" data-id=\"440d568\" data-element_type=\"section\">\n\t\t\t\t\t\t<div class=\"elementor-container elementor-column-gap-default\">\n\t\t\t\t\t<div class=\"elementor-column elementor-col-100 elementor-top-column elementor-element elementor-element-ab2d625\" data-id=\"ab2d625\" data-element_type=\"column\">\n\t\t\t<div class=\"elementor-widget-wrap elementor-element-populated\">\n\t\t\t\t\t\t<div class=\"elementor-element elementor-element-d55e7b3 elementor-widget elementor-widget-text-editor\" data-id=\"d55e7b3\" data-element_type=\"widget\" data-widget_type=\"text-editor.default\">\n\t\t\t\t<div class=\"elementor-widget-container\">\n\t\t\t\t\t\t\t\t\t<p><strong>Jes\u00fas vino a sanar a toda la persona&#8211;cuerpo y alma.<\/strong><\/p><p>El Sacramento de la Unci\u00f3n de los Enfermos se les ofrece a personas con enfermedades, as\u00ed como a las personas que se encuentran en el momento de fallecimiento, con el prop\u00f3sito de la sanaci\u00f3n espiritual, la recuperaci\u00f3n f\u00edsica o la preparaci\u00f3n final espiritual. Solo un sacerdote ordenado puede ministrar el sacramento.<\/p><p>Por favor decida los preparativos con la rector\u00eda antes de que la persona enferma pierda el conocimiento. Es importante que la persona enferma que recibir\u00e1 la Unci\u00f3n tambi\u00e9n disfrute de la posibilidad de confesarse y recibir la Sagrada Comuni\u00f3n.<\/p><p>De esta manera, la \u00faltima Sagrada Comuni\u00f3n se llama Sacramento del Camino. Adem\u00e1s, Holy Rosary &amp; St. Michael&#8217;s Church celebra una Misa de Sanaci\u00f3n especial cada tercer (3er) mi\u00e9rcoles del mes a las 7:00 p.m.<\/p>\t\t\t\t\t\t\t\t<\/div>\n\t\t\t\t<\/div>\n\t\t\t\t\t<\/div>\n\t\t<\/div>\n\t\t\t\t\t<\/div>\n\t\t<\/section>\n\t\t\t\t<section class=\"elementor-section elementor-top-section elementor-element elementor-element-35bd608 elementor-section-boxed elementor-section-height-default elementor-section-height-default wpr-particle-no wpr-jarallax-no wpr-parallax-no wpr-sticky-section-no wpr-equal-height-no\" data-id=\"35bd608\" data-element_type=\"section\" data-settings=\"{&quot;shape_divider_top&quot;:&quot;split&quot;}\">\n\t\t\t\t\t<div class=\"elementor-shape elementor-shape-top\" aria-hidden=\"true\" data-negative=\"false\">\n\t\t\t<svg xmlns=\"http:\/\/www.w3.org\/2000\/svg\" viewBox=\"0 0 1000 20\" preserveAspectRatio=\"none\">\n\t<path class=\"elementor-shape-fill\" d=\"M0,0v3c0,0,393.8,0,483.4,0c9.2,0,16.6,7.4,16.6,16.6c0-9.1,7.4-16.6,16.6-16.6C606.2,3,1000,3,1000,3V0H0z\"\/>\n<\/svg>\t\t<\/div>\n\t\t\t\t\t<div class=\"elementor-container elementor-column-gap-default\">\n\t\t\t\t\t<div class=\"elementor-column elementor-col-100 elementor-top-column elementor-element elementor-element-c19622a\" data-id=\"c19622a\" data-element_type=\"column\">\n\t\t\t<div class=\"elementor-widget-wrap\">\n\t\t\t\t\t\t\t<\/div>\n\t\t<\/div>\n\t\t\t\t\t<\/div>\n\t\t<\/section>\n\t\t\t\t<\/div>\n\t\t","protected":false},"excerpt":{"rendered":"<p>Jes\u00fas vino a sanar a toda la persona&#8211;cuerpo y alma. El Sacramento de la Unci\u00f3n de los Enfermos se les ofrece a personas con enfermedades, as\u00ed como a las personas que se encuentran en el momento de fallecimiento, con el prop\u00f3sito de la sanaci\u00f3n espiritual, la recuperaci\u00f3n f\u00edsica o la&#8230;<\/p>\n","protected":false},"author":1,"featured_media":0,"parent":0,"menu_order":0,"comment_status":"closed","ping_status":"closed","template":"","meta":{"footnotes":""},"class_list":["post-16854","page","type-page","status-publish","hentry"],"_links":{"self":[{"href":"https:\/\/www.holyrosarystmichael.com\/index.php?rest_route=\/wp\/v2\/pages\/16854","targetHints":{"allow":["GET"]}}],"collection":[{"href":"https:\/\/www.holyrosarystmichael.com\/index.php?rest_route=\/wp\/v2\/pages"}],"about":[{"href":"https:\/\/www.holyrosarystmichael.com\/index.php?rest_route=\/wp\/v2\/types\/page"}],"author":[{"embeddable":true,"href":"https:\/\/www.holyrosarystmichael.com\/index.php?rest_route=\/wp\/v2\/users\/1"}],"replies":[{"embeddable":true,"href":"https:\/\/www.holyrosarystmichael.com\/index.php?rest_route=%2Fwp%2Fv2%2Fcomments&post=16854"}],"version-history":[{"count":11,"href":"https:\/\/www.holyrosarystmichael.com\/index.php?rest_route=\/wp\/v2\/pages\/16854\/revisions"}],"predecessor-version":[{"id":27692,"href":"https:\/\/www.holyrosarystmichael.com\/index.php?rest_route=\/wp\/v2\/pages\/16854\/revisions\/27692"}],"wp:attachment":[{"href":"https:\/\/www.holyrosarystmichael.com\/index.php?rest_route=%2Fwp%2Fv2%2Fmedia&parent=16854"}],"curies":[{"name":"wp","href":"https:\/\/api.w.org\/{rel}","templated":true}]}}